{"id":9,"date":"2025-05-20T11:17:53","date_gmt":"2025-05-20T11:17:53","guid":{"rendered":"https:\/\/estrategiayconexion.com\/?page_id=9"},"modified":"2025-05-20T17:18:48","modified_gmt":"2025-05-20T17:18:48","slug":"inicio","status":"publish","type":"page","link":"https:\/\/estrategiayconexion.com\/","title":{"rendered":"Inicio"},"content":{"rendered":"<p>[et_pb_section fb_built=\u00bb1&#8243; _builder_version=\u00bb4.27.4&#8243; _module_preset=\u00bbdefault\u00bb background_color=\u00bb#2f4b4c\u00bb use_background_color_gradient=\u00bbon\u00bb background_color_gradient_stops=\u00bb#2f4b4c 0%|rgba(47,75,76,0.61) 100%\u00bb background_color_gradient_overlays_image=\u00bbon\u00bb background_image=\u00bbhttps:\/\/estrategiayconexion.com\/wp-content\/uploads\/2025\/05\/saludo_empresarios.jpg\u00bb custom_padding=\u00bb||125px|||\u00bb global_colors_info=\u00bb{}\u00bb][et_pb_row _builder_version=\u00bb4.27.4&#8243; _module_preset=\u00bbdefault\u00bb global_colors_info=\u00bb{}\u00bb][et_pb_column type=\u00bb4_4&#8243; _builder_version=\u00bb4.27.4&#8243; _module_preset=\u00bbdefault\u00bb global_colors_info=\u00bb{}\u00bb][et_pb_image src=\u00bbhttps:\/\/estrategiayconexion.com\/wp-content\/uploads\/2025\/05\/logo_plata.png\u00bb title_text=\u00bblogo_plata\u00bb align=\u00bbcenter\u00bb _builder_version=\u00bb4.27.4&#8243; _module_preset=\u00bbdefault\u00bb width=\u00bb47%\u00bb custom_margin=\u00bb83px|||||\u00bb global_colors_info=\u00bb{}\u00bb][\/et_pb_image][\/et_pb_column][\/et_pb_row][\/et_pb_section][et_pb_section fb_built=\u00bb1&#8243; _builder_version=\u00bb4.27.4&#8243; _module_preset=\u00bbdefault\u00bb global_colors_info=\u00bb{}\u00bb][et_pb_row _builder_version=\u00bb4.27.4&#8243; _module_preset=\u00bbdefault\u00bb global_colors_info=\u00bb{}\u00bb][et_pb_column type=\u00bb4_4&#8243; _builder_version=\u00bb4.27.4&#8243; _module_preset=\u00bbdefault\u00bb global_colors_info=\u00bb{}\u00bb][et_pb_text _builder_version=\u00bb4.27.4&#8243; _module_preset=\u00bbdefault\u00bb text_font=\u00bbAbhaya Libre||||||||\u00bb text_text_color=\u00bb#2f4b4c\u00bb text_font_size=\u00bb29px\u00bb text_line_height=\u00bb1.3em\u00bb ul_font=\u00bbAbhaya Libre||||||||\u00bb ul_line_height=\u00bb1.4em\u00bb header_font=\u00bbAbhaya Libre|700|||||||\u00bb header_text_align=\u00bbcenter\u00bb header_text_color=\u00bb#2f4b4c\u00bb header_font_size=\u00bb41px\u00bb header_2_text_align=\u00bbcenter\u00bb header_2_text_color=\u00bb#2f4b4c\u00bb header_3_font=\u00bbAbhaya Libre||||||||\u00bb header_3_text_color=\u00bb#2f4b4c\u00bb global_colors_info=\u00bb{}\u00bb]<\/p>\n<h1>\u00bfQu\u00e9 es Estrategia y Conexi\u00f3n?<\/h1>\n<p>[\/et_pb_text][et_pb_text _builder_version=\u00bb4.27.4&#8243; _module_preset=\u00bbdefault\u00bb text_font=\u00bbAbhaya Libre||||||||\u00bb text_text_color=\u00bb#2f4b4c\u00bb text_font_size=\u00bb29px\u00bb text_line_height=\u00bb1.3em\u00bb ul_font=\u00bbAbhaya Libre||||||||\u00bb ul_line_height=\u00bb1.4em\u00bb header_font=\u00bbAbhaya Libre|700|||||||\u00bb header_text_align=\u00bbcenter\u00bb header_text_color=\u00bb#2f4b4c\u00bb header_font_size=\u00bb41px\u00bb header_2_text_align=\u00bbcenter\u00bb header_2_text_color=\u00bb#2f4b4c\u00bb header_3_font=\u00bbAbhaya Libre||||||||\u00bb header_3_text_color=\u00bb#2f4b4c\u00bb global_colors_info=\u00bb{}\u00bb]<\/p>\n<p><strong data-start=\"469\" data-end=\"494\">Estrategia y Conexi\u00f3n<\/strong> es un grupo empresarial creado para <strong data-start=\"531\" data-end=\"585\">empresarios comprometidos con el crecimiento mutuo<\/strong>. Fomentamos relaciones estrat\u00e9gicas, mentor\u00eda de alto nivel y colaboraci\u00f3n entre negocios complementarios, en un entorno de \u00e9tica, confianza y resultados.<\/p>\n<p data-start=\"742\" data-end=\"831\" class=\"\">Porque sabemos que <strong data-start=\"761\" data-end=\"830\">las conexiones adecuadas pueden cambiar la historia de tu empresa<\/strong>.<\/p>\n<p>[\/et_pb_text][\/et_pb_column][\/et_pb_row][\/et_pb_section][et_pb_section fb_built=\u00bb1&#8243; _builder_version=\u00bb4.27.4&#8243; _module_preset=\u00bbdefault\u00bb background_color=\u00bb#eaeaea\u00bb global_colors_info=\u00bb{}\u00bb][et_pb_row _builder_version=\u00bb4.27.4&#8243; _module_preset=\u00bbdefault\u00bb global_colors_info=\u00bb{}\u00bb][et_pb_column type=\u00bb4_4&#8243; _builder_version=\u00bb4.27.4&#8243; _module_preset=\u00bbdefault\u00bb global_colors_info=\u00bb{}\u00bb][et_pb_text _builder_version=\u00bb4.27.4&#8243; _module_preset=\u00bbdefault\u00bb text_font=\u00bbAbhaya Libre||||||||\u00bb text_text_color=\u00bb#2f4b4c\u00bb text_font_size=\u00bb29px\u00bb text_line_height=\u00bb1.3em\u00bb ul_font=\u00bbAbhaya Libre||||||||\u00bb ul_line_height=\u00bb1.4em\u00bb header_font=\u00bbAbhaya Libre|700|||||||\u00bb header_text_align=\u00bbcenter\u00bb header_text_color=\u00bb#2f4b4c\u00bb header_font_size=\u00bb41px\u00bb header_2_text_align=\u00bbcenter\u00bb header_2_text_color=\u00bb#2f4b4c\u00bb header_3_font=\u00bbAbhaya Libre||||||||\u00bb header_3_text_color=\u00bb#2f4b4c\u00bb global_colors_info=\u00bb{}\u00bb]<\/p>\n<h1>\u00bfPor qu\u00e9 elegir Estrategia y Conexi\u00f3n?<\/h1>\n<p>[\/et_pb_text][\/et_pb_column][\/et_pb_row][et_pb_row column_structure=\u00bb1_3,2_3&#8243; _builder_version=\u00bb4.27.4&#8243; _module_preset=\u00bbdefault\u00bb width=\u00bb77%\u00bb max_width=\u00bb1401px\u00bb hover_enabled=\u00bb0&#8243; global_colors_info=\u00bb{}\u00bb sticky_enabled=\u00bb0&#8243;][et_pb_column type=\u00bb1_3&#8243; _builder_version=\u00bb4.27.4&#8243; _module_preset=\u00bbdefault\u00bb global_colors_info=\u00bb{}\u00bb][et_pb_image src=\u00bbhttps:\/\/estrategiayconexion.com\/wp-content\/uploads\/2025\/05\/esco01.jpg\u00bb title_text=\u00bbesco01&#8243; _builder_version=\u00bb4.27.4&#8243; _module_preset=\u00bbdefault\u00bb border_radii=\u00bbon|14px|14px|14px|14px\u00bb box_shadow_style=\u00bbpreset3&#8243; global_colors_info=\u00bb{}\u00bb][\/et_pb_image][\/et_pb_column][et_pb_column type=\u00bb2_3&#8243; _builder_version=\u00bb4.27.4&#8243; _module_preset=\u00bbdefault\u00bb global_colors_info=\u00bb{}\u00bb][et_pb_text _builder_version=\u00bb4.27.4&#8243; _module_preset=\u00bbdefault\u00bb text_font=\u00bbAbhaya Libre||||||||\u00bb text_text_color=\u00bb#2f4b4c\u00bb text_font_size=\u00bb29px\u00bb text_line_height=\u00bb1.3em\u00bb ul_font=\u00bbAbhaya Libre||||||||\u00bb ul_line_height=\u00bb1.4em\u00bb header_font=\u00bbAbhaya Libre|700|||||||\u00bb header_text_align=\u00bbcenter\u00bb header_text_color=\u00bb#2f4b4c\u00bb header_font_size=\u00bb41px\u00bb header_2_text_align=\u00bbcenter\u00bb header_2_text_color=\u00bb#2f4b4c\u00bb header_3_font=\u00bbAbhaya Libre||||||||\u00bb header_3_text_color=\u00bb#2f4b4c\u00bb custom_margin=\u00bb74px|||||\u00bb global_colors_info=\u00bb{}\u00bb]<\/p>\n<ul data-start=\"2117\" data-end=\"2340\">\n<li data-start=\"2117\" data-end=\"2167\" class=\"\">\n<p data-start=\"2119\" data-end=\"2167\" class=\"\">Metodolog\u00eda basada en <strong data-start=\"2141\" data-end=\"2164\">resultados medibles<\/strong>.<\/p>\n<\/li>\n<li data-start=\"2168\" data-end=\"2245\" class=\"\">\n<p data-start=\"2170\" data-end=\"2245\" class=\"\">Foco en <strong data-start=\"2178\" data-end=\"2242\">colaboraci\u00f3n estrat\u00e9gica y resoluci\u00f3n colectiva de problemas<\/strong>.<\/p>\n<\/li>\n<li data-start=\"2246\" data-end=\"2340\" class=\"\">\n<p data-start=\"2248\" data-end=\"2340\" class=\"\">C\u00f3digo de \u00e9tica firme que garantiza un entorno de <strong data-start=\"2298\" data-end=\"2339\">confianza, respeto y confidencialidad<\/strong>.<\/p>\n<\/li>\n<\/ul>\n<p>[\/et_pb_text][\/et_pb_column][\/et_pb_row][\/et_pb_section][et_pb_section fb_built=\u00bb1&#8243; _builder_version=\u00bb4.27.4&#8243; _module_preset=\u00bbdefault\u00bb background_color=\u00bbRGBA(255,255,255,0)\u00bb global_colors_info=\u00bb{}\u00bb][et_pb_row _builder_version=\u00bb4.27.4&#8243; _module_preset=\u00bbdefault\u00bb global_colors_info=\u00bb{}\u00bb][et_pb_column type=\u00bb4_4&#8243; _builder_version=\u00bb4.27.4&#8243; _module_preset=\u00bbdefault\u00bb global_colors_info=\u00bb{}\u00bb][et_pb_text _builder_version=\u00bb4.27.4&#8243; _module_preset=\u00bbdefault\u00bb text_font=\u00bbAbhaya Libre||||||||\u00bb text_text_color=\u00bb#2f4b4c\u00bb text_font_size=\u00bb29px\u00bb text_line_height=\u00bb1.3em\u00bb ul_font=\u00bbAbhaya Libre||||||||\u00bb ul_line_height=\u00bb1.4em\u00bb header_font=\u00bbAbhaya Libre|700|||||||\u00bb header_text_align=\u00bbcenter\u00bb header_text_color=\u00bb#2f4b4c\u00bb header_font_size=\u00bb41px\u00bb header_2_text_align=\u00bbcenter\u00bb header_2_text_color=\u00bb#2f4b4c\u00bb header_3_font=\u00bbAbhaya Libre||||||||\u00bb header_3_text_color=\u00bb#2f4b4c\u00bb global_colors_info=\u00bb{}\u00bb]<\/p>\n<h1>\u00bfQu\u00e9 obtienes como miembro?<\/h1>\n<p>[\/et_pb_text][\/et_pb_column][\/et_pb_row][et_pb_row column_structure=\u00bb1_3,2_3&#8243; _builder_version=\u00bb4.27.4&#8243; _module_preset=\u00bbdefault\u00bb width=\u00bb77%\u00bb max_width=\u00bb1401px\u00bb global_colors_info=\u00bb{}\u00bb][et_pb_column type=\u00bb1_3&#8243; _builder_version=\u00bb4.27.4&#8243; _module_preset=\u00bbdefault\u00bb global_colors_info=\u00bb{}\u00bb][et_pb_image src=\u00bbhttps:\/\/estrategiayconexion.com\/wp-content\/uploads\/2025\/05\/PHOTO-2025-03-04-11-47-29-2.jpg\u00bb title_text=\u00bbPHOTO-2025-03-04-11-47-29 2&#8243; _builder_version=\u00bb4.27.4&#8243; _module_preset=\u00bbdefault\u00bb custom_margin=\u00bb147px|||||\u00bb border_radii=\u00bbon|14px|14px|14px|14px\u00bb box_shadow_style=\u00bbpreset3&#8243; global_colors_info=\u00bb{}\u00bb][\/et_pb_image][\/et_pb_column][et_pb_column type=\u00bb2_3&#8243; _builder_version=\u00bb4.27.4&#8243; _module_preset=\u00bbdefault\u00bb global_colors_info=\u00bb{}\u00bb][et_pb_text _builder_version=\u00bb4.27.4&#8243; _module_preset=\u00bbdefault\u00bb text_font=\u00bbAbhaya Libre||||||||\u00bb text_text_color=\u00bb#2f4b4c\u00bb text_font_size=\u00bb29px\u00bb text_line_height=\u00bb1.3em\u00bb ul_font=\u00bbAbhaya Libre||||||||\u00bb ul_line_height=\u00bb1.4em\u00bb header_font=\u00bbAbhaya Libre|700|||||||\u00bb header_text_align=\u00bbcenter\u00bb header_text_color=\u00bb#2f4b4c\u00bb header_font_size=\u00bb41px\u00bb header_2_text_align=\u00bbcenter\u00bb header_2_text_color=\u00bb#2f4b4c\u00bb header_3_font=\u00bbAbhaya Libre||||||||\u00bb header_3_text_color=\u00bb#2f4b4c\u00bb global_colors_info=\u00bb{}\u00bb]<\/p>\n<h2 data-start=\"874\" data-end=\"914\">Oportunidades de negocio reales<\/h2>\n<p>&nbsp;<\/p>\n<ul data-start=\"915\" data-end=\"1220\">\n<li data-start=\"915\" data-end=\"1012\" class=\"\">\n<p data-start=\"917\" data-end=\"1012\" class=\"\">Conexiones que se traducen en ventas y alianzas estrat\u00e9gicas.<\/p>\n<\/li>\n<li data-start=\"1013\" data-end=\"1120\" class=\"\">\n<p data-start=\"1015\" data-end=\"1120\" class=\"\"><strong data-start=\"1015\" data-end=\"1050\">Exclusividad por giro comercial<\/strong> para evitar competencia interna y fomentar el apoyo entre miembros.<\/p>\n<\/li>\n<li data-start=\"1121\" data-end=\"1220\" class=\"\">\n<p data-start=\"1123\" data-end=\"1220\" class=\"\">Plataforma digital tipo CRM para registrar, rastrear y dar seguimiento a oportunidades generadas.<\/p>\n<\/li>\n<\/ul>\n<h2 data-start=\"1222\" data-end=\"1265\">Mentor\u00edas y desarrollo estrat\u00e9gico<\/h2>\n<p>&nbsp;<\/p>\n<ul data-start=\"1266\" data-end=\"1549\">\n<li data-start=\"1266\" data-end=\"1351\" class=\"\">\n<p data-start=\"1268\" data-end=\"1351\" class=\"\">Mentor\u00edas entre miembros y sesiones con <strong data-start=\"1308\" data-end=\"1334\">especialistas externos<\/strong> de alto nivel.<\/p>\n<\/li>\n<li data-start=\"1352\" data-end=\"1454\" class=\"\">\n<p data-start=\"1354\" data-end=\"1454\" class=\"\">Talleres, conferencias y formaciones dise\u00f1adas para abordar temas clave del liderazgo empresarial.<\/p>\n<\/li>\n<li data-start=\"1455\" data-end=\"1549\" class=\"\">\n<p data-start=\"1457\" data-end=\"1549\" class=\"\">Acompa\u00f1amiento para lograr un <strong data-start=\"1487\" data-end=\"1511\">crecimiento integral<\/strong>: personal, profesional y empresarial.<\/p>\n<\/li>\n<\/ul>\n<p>[\/et_pb_text][\/et_pb_column][\/et_pb_row][et_pb_row column_structure=\u00bb2_3,1_3&#8243; _builder_version=\u00bb4.27.4&#8243; _module_preset=\u00bbdefault\u00bb width=\u00bb77%\u00bb max_width=\u00bb1401px\u00bb global_colors_info=\u00bb{}\u00bb][et_pb_column type=\u00bb2_3&#8243; _builder_version=\u00bb4.27.4&#8243; _module_preset=\u00bbdefault\u00bb global_colors_info=\u00bb{}\u00bb][et_pb_text _builder_version=\u00bb4.27.4&#8243; _module_preset=\u00bbdefault\u00bb text_font=\u00bbAbhaya Libre||||||||\u00bb text_text_color=\u00bb#2f4b4c\u00bb text_font_size=\u00bb29px\u00bb text_line_height=\u00bb1.3em\u00bb ul_font=\u00bbAbhaya Libre||||||||\u00bb ul_line_height=\u00bb1.4em\u00bb header_font=\u00bbAbhaya Libre|700|||||||\u00bb header_text_align=\u00bbcenter\u00bb header_text_color=\u00bb#2f4b4c\u00bb header_font_size=\u00bb41px\u00bb header_2_text_align=\u00bbcenter\u00bb header_2_text_color=\u00bb#2f4b4c\u00bb header_3_font=\u00bbAbhaya Libre||||||||\u00bb header_3_text_color=\u00bb#2f4b4c\u00bb global_colors_info=\u00bb{}\u00bb]<\/p>\n<h2 data-start=\"1551\" data-end=\"1586\"><\/h2>\n<h2 data-start=\"1551\" data-end=\"1586\">Red de contactos exclusiva<\/h2>\n<p>&nbsp;<\/p>\n<ul data-start=\"1587\" data-end=\"1818\">\n<li data-start=\"1587\" data-end=\"1658\" class=\"\">\n<p data-start=\"1589\" data-end=\"1658\" class=\"\">Acceso a una comunidad de empresarios con alto compromiso y visi\u00f3n.<\/p>\n<\/li>\n<li data-start=\"1659\" data-end=\"1743\" class=\"\">\n<p data-start=\"1661\" data-end=\"1743\" class=\"\">Espacios de networking estructurado y eventos sociales de alto valor relacional.<\/p>\n<\/li>\n<li data-start=\"1744\" data-end=\"1818\" class=\"\">\n<p data-start=\"1746\" data-end=\"1818\" class=\"\">Colaboraciones intersectoriales que generan sinergias y nuevos mercados.<\/p>\n<\/li>\n<\/ul>\n<p>&nbsp;<\/p>\n<h2 data-start=\"1820\" data-end=\"1872\">Fortalecimiento de imagen y posicionamiento<\/h2>\n<p>&nbsp;<\/p>\n<ul data-start=\"1873\" data-end=\"2063\">\n<li data-start=\"1873\" data-end=\"1971\" class=\"\">\n<p data-start=\"1875\" data-end=\"1971\" class=\"\">Ser parte de <strong data-start=\"1888\" data-end=\"1913\">Estrategia y Conexi\u00f3n<\/strong> eleva tu <strong data-start=\"1923\" data-end=\"1949\">reputaci\u00f3n profesional<\/strong> y la de tu empresa.<\/p>\n<\/li>\n<li data-start=\"1972\" data-end=\"2063\" class=\"\">\n<p data-start=\"1974\" data-end=\"2063\" class=\"\">Participaci\u00f3n en actividades de visibilidad, relaciones p\u00fablicas y liderazgo comunitario.<\/p>\n<\/li>\n<\/ul>\n<ul data-start=\"1266\" data-end=\"1549\"><\/ul>\n<p>[\/et_pb_text][\/et_pb_column][et_pb_column type=\u00bb1_3&#8243; _builder_version=\u00bb4.27.4&#8243; _module_preset=\u00bbdefault\u00bb global_colors_info=\u00bb{}\u00bb][et_pb_image src=\u00bbhttps:\/\/estrategiayconexion.com\/wp-content\/uploads\/2025\/05\/PHOTO-2025-05-06-11-03-14.jpg\u00bb title_text=\u00bbPHOTO-2025-05-06-11-03-14&#8243; _builder_version=\u00bb4.27.4&#8243; _module_preset=\u00bbdefault\u00bb custom_margin=\u00bb143px|||||\u00bb border_radii=\u00bbon|14px|14px|14px|14px\u00bb box_shadow_style=\u00bbpreset3&#8243; global_colors_info=\u00bb{}\u00bb][\/et_pb_image][\/et_pb_column][\/et_pb_row][\/et_pb_section][et_pb_section fb_built=\u00bb1&#8243; _builder_version=\u00bb4.27.4&#8243; _module_preset=\u00bbdefault\u00bb background_color=\u00bb#2f4b4c\u00bb global_colors_info=\u00bb{}\u00bb][et_pb_row _builder_version=\u00bb4.27.4&#8243; _module_preset=\u00bbdefault\u00bb global_colors_info=\u00bb{}\u00bb][et_pb_column type=\u00bb4_4&#8243; _builder_version=\u00bb4.27.4&#8243; _module_preset=\u00bbdefault\u00bb global_colors_info=\u00bb{}\u00bb][et_pb_text module_id=\u00bbcontacto\u00bb _builder_version=\u00bb4.27.4&#8243; _module_preset=\u00bbdefault\u00bb text_font=\u00bbAbhaya Libre||||||||\u00bb text_text_color=\u00bb#FFFFFF\u00bb text_font_size=\u00bb20px\u00bb text_line_height=\u00bb1.3em\u00bb ul_font=\u00bbAbhaya Libre||||||||\u00bb ul_line_height=\u00bb1.4em\u00bb header_font=\u00bbAbhaya Libre|700|||||||\u00bb header_text_align=\u00bbcenter\u00bb header_text_color=\u00bb#2f4b4c\u00bb header_font_size=\u00bb41px\u00bb header_2_text_align=\u00bbcenter\u00bb header_2_text_color=\u00bb#FFFFFF\u00bb header_3_font=\u00bbAbhaya Libre||||||||\u00bb header_3_text_color=\u00bb#2f4b4c\u00bb hover_enabled=\u00bb0&#8243; global_colors_info=\u00bb{}\u00bb text_orientation=\u00bbcenter\u00bb sticky_enabled=\u00bb0&#8243;]<\/p>\n<h2 data-start=\"2633\" data-end=\"2688\" class=\"\">\u00bfEst\u00e1s listo para llevar tu negocio a otro nivel?<\/h2>\n<p>Postula tu ingreso y descubre el poder de una red bien construida.<\/p>\n<p>[\/et_pb_text][et_pb_contact_form _builder_version=\u00bb4.27.4&#8243; _module_preset=\u00bbdefault\u00bb _unique_id=\u00bb472f02a5-8da9-428d-af04-fc4eb92796b1&#8243; hover_enabled=\u00bb0&#8243; global_colors_info=\u00bb{}\u00bb custom_button=\u00bbon\u00bb button_text_color=\u00bb#FFFFFF\u00bb border_color_all=\u00bbRGBA(255,255,255,0)\u00bb button_font=\u00bbAbhaya Libre||||||||\u00bb sticky_enabled=\u00bb0&#8243; captcha_font=\u00bbAbhaya Libre||||||||\u00bb captcha_text_color=\u00bb#FFFFFF\u00bb captcha_font_size=\u00bb22px\u00bb][et_pb_contact_field field_id=\u00bbName\u00bb field_title=\u00bbNombre\u00bb _builder_version=\u00bb4.16&#8243; global_colors_info=\u00bb{}\u00bb button_text_size__hover_enabled=\u00bboff\u00bb button_one_text_size__hover_enabled=\u00bboff\u00bb button_two_text_size__hover_enabled=\u00bboff\u00bb button_text_color__hover_enabled=\u00bboff\u00bb button_one_text_color__hover_enabled=\u00bboff\u00bb button_two_text_color__hover_enabled=\u00bboff\u00bb button_border_width__hover_enabled=\u00bboff\u00bb button_one_border_width__hover_enabled=\u00bboff\u00bb button_two_border_width__hover_enabled=\u00bboff\u00bb button_border_color__hover_enabled=\u00bboff\u00bb button_one_border_color__hover_enabled=\u00bboff\u00bb button_two_border_color__hover_enabled=\u00bboff\u00bb button_border_radius__hover_enabled=\u00bboff\u00bb button_one_border_radius__hover_enabled=\u00bboff\u00bb button_two_border_radius__hover_enabled=\u00bboff\u00bb button_letter_spacing__hover_enabled=\u00bboff\u00bb button_one_letter_spacing__hover_enabled=\u00bboff\u00bb button_two_letter_spacing__hover_enabled=\u00bboff\u00bb button_bg_color__hover_enabled=\u00bboff\u00bb button_one_bg_color__hover_enabled=\u00bboff\u00bb button_two_bg_color__hover_enabled=\u00bboff\u00bb][\/et_pb_contact_field][et_pb_contact_field field_id=\u00bbEmail\u00bb field_title=\u00bbDirecci\u00f3n de correo electr\u00f3nico\u00bb field_type=\u00bbemail\u00bb _builder_version=\u00bb4.16&#8243; global_colors_info=\u00bb{}\u00bb button_text_size__hover_enabled=\u00bboff\u00bb button_one_text_size__hover_enabled=\u00bboff\u00bb button_two_text_size__hover_enabled=\u00bboff\u00bb button_text_color__hover_enabled=\u00bboff\u00bb button_one_text_color__hover_enabled=\u00bboff\u00bb button_two_text_color__hover_enabled=\u00bboff\u00bb button_border_width__hover_enabled=\u00bboff\u00bb button_one_border_width__hover_enabled=\u00bboff\u00bb button_two_border_width__hover_enabled=\u00bboff\u00bb button_border_color__hover_enabled=\u00bboff\u00bb button_one_border_color__hover_enabled=\u00bboff\u00bb button_two_border_color__hover_enabled=\u00bboff\u00bb button_border_radius__hover_enabled=\u00bboff\u00bb button_one_border_radius__hover_enabled=\u00bboff\u00bb button_two_border_radius__hover_enabled=\u00bboff\u00bb button_letter_spacing__hover_enabled=\u00bboff\u00bb button_one_letter_spacing__hover_enabled=\u00bboff\u00bb button_two_letter_spacing__hover_enabled=\u00bboff\u00bb button_bg_color__hover_enabled=\u00bboff\u00bb button_one_bg_color__hover_enabled=\u00bboff\u00bb button_two_bg_color__hover_enabled=\u00bboff\u00bb][\/et_pb_contact_field][et_pb_contact_field field_id=\u00bbMessage\u00bb field_title=\u00bbMensaje\u00bb field_type=\u00bbtext\u00bb fullwidth_field=\u00bbon\u00bb _builder_version=\u00bb4.16&#8243; global_colors_info=\u00bb{}\u00bb button_text_size__hover_enabled=\u00bboff\u00bb button_one_text_size__hover_enabled=\u00bboff\u00bb button_two_text_size__hover_enabled=\u00bboff\u00bb button_text_color__hover_enabled=\u00bboff\u00bb button_one_text_color__hover_enabled=\u00bboff\u00bb button_two_text_color__hover_enabled=\u00bboff\u00bb button_border_width__hover_enabled=\u00bboff\u00bb button_one_border_width__hover_enabled=\u00bboff\u00bb button_two_border_width__hover_enabled=\u00bboff\u00bb button_border_color__hover_enabled=\u00bboff\u00bb button_one_border_color__hover_enabled=\u00bboff\u00bb button_two_border_color__hover_enabled=\u00bboff\u00bb button_border_radius__hover_enabled=\u00bboff\u00bb button_one_border_radius__hover_enabled=\u00bboff\u00bb button_two_border_radius__hover_enabled=\u00bboff\u00bb button_letter_spacing__hover_enabled=\u00bboff\u00bb button_one_letter_spacing__hover_enabled=\u00bboff\u00bb button_two_letter_spacing__hover_enabled=\u00bboff\u00bb button_bg_color__hover_enabled=\u00bboff\u00bb button_one_bg_color__hover_enabled=\u00bboff\u00bb button_two_bg_color__hover_enabled=\u00bboff\u00bb][\/et_pb_contact_field][\/et_pb_contact_form][\/et_pb_column][\/et_pb_row][\/et_pb_section]<\/p>\n","protected":false},"excerpt":{"rendered":"<p>\u00bfQu\u00e9 es Estrategia y Conexi\u00f3n?Estrategia y Conexi\u00f3n es un grupo empresarial creado para empresarios comprometidos con el crecimiento mutuo. Fomentamos relaciones estrat\u00e9gicas, mentor\u00eda de alto nivel y colaboraci\u00f3n entre negocios complementarios, en un entorno de \u00e9tica, confianza y resultados. Porque sabemos que las conexiones adecuadas pueden cambiar la historia de tu empresa.\u00bfPor qu\u00e9 elegir Estrategia [&hellip;]<\/p>\n","protected":false},"author":1,"featured_media":0,"parent":0,"menu_order":0,"comment_status":"closed","ping_status":"closed","template":"","meta":{"_et_pb_use_builder":"on","_et_pb_old_content":"","_et_gb_content_width":"","footnotes":""},"class_list":["post-9","page","type-page","status-publish","hentry"],"_links":{"self":[{"href":"https:\/\/estrategiayconexion.com\/index.php\/wp-json\/wp\/v2\/pages\/9","targetHints":{"allow":["GET"]}}],"collection":[{"href":"https:\/\/estrategiayconexion.com\/index.php\/wp-json\/wp\/v2\/pages"}],"about":[{"href":"https:\/\/estrategiayconexion.com\/index.php\/wp-json\/wp\/v2\/types\/page"}],"author":[{"embeddable":true,"href":"https:\/\/estrategiayconexion.com\/index.php\/wp-json\/wp\/v2\/users\/1"}],"replies":[{"embeddable":true,"href":"https:\/\/estrategiayconexion.com\/index.php\/wp-json\/wp\/v2\/comments?post=9"}],"version-history":[{"count":20,"href":"https:\/\/estrategiayconexion.com\/index.php\/wp-json\/wp\/v2\/pages\/9\/revisions"}],"predecessor-version":[{"id":81,"href":"https:\/\/estrategiayconexion.com\/index.php\/wp-json\/wp\/v2\/pages\/9\/revisions\/81"}],"wp:attachment":[{"href":"https:\/\/estrategiayconexion.com\/index.php\/wp-json\/wp\/v2\/media?parent=9"}],"curies":[{"name":"wp","href":"https:\/\/api.w.org\/{rel}","templated":true}]}}